{"id":7897,"date":"2022-07-01T17:33:31","date_gmt":"2022-07-01T17:33:31","guid":{"rendered":"https:\/\/jurassicworldexperience.com\/detroit\/?page_id=7897"},"modified":"2025-03-06T14:29:41","modified_gmt":"2025-03-06T20:29:41","slug":"groups","status":"publish","type":"page","link":"https:\/\/jurassicworldexperience.com\/cl\/groups","title":{"rendered":"Group Bookings"},"content":{"rendered":"[vc_row type=\u00bbfull_width_background\u00bb full_screen_row_position=\u00bbmiddle\u00bb column_margin=\u00bbdefault\u00bb equal_height=\u00bbyes\u00bb content_placement=\u00bbtop\u00bb column_direction=\u00bbdefault\u00bb column_direction_tablet=\u00bbdefault\u00bb column_direction_phone=\u00bbdefault\u00bb bg_color=\u00bb#1f2222&#8243; scene_position=\u00bbcenter\u00bb top_padding=\u00bb5%\u00bb bottom_padding=\u00bb3%\u00bb text_color=\u00bbcustom\u00bb custom_text_color=\u00bb#ffffff\u00bb text_align=\u00bbleft\u00bb row_border_radius=\u00bbnone\u00bb row_border_radius_applies=\u00bbbg\u00bb overflow=\u00bbvisible\u00bb advanced_gradient=\u00bbradial-gradient(circle at center, rgba(31,34,34,0.65) 10%, rgb(0,0,0) 90%)\u00bb shape_divider_position=\u00bbbottom\u00bb bg_image_animation=\u00bbnone\u00bb shape_type=\u00bb\u00bb gradient_type=\u00bbadvanced\u00bb advanced_gradient_display_type=\u00bbradial\u00bb][vc_column column_padding=\u00bbpadding-2-percent\u00bb column_padding_tablet=\u00bbinherit\u00bb column_padding_phone=\u00bbpadding-2-percent\u00bb column_padding_position=\u00bball\u00bb column_element_direction_desktop=\u00bbdefault\u00bb column_element_spacing=\u00bbdefault\u00bb desktop_text_alignment=\u00bbdefault\u00bb tablet_text_alignment=\u00bbdefault\u00bb phone_text_alignment=\u00bbdefault\u00bb background_color_opacity=\u00bb1&#8243; background_hover_color_opacity=\u00bb1&#8243; column_backdrop_filter=\u00bbnone\u00bb font_color=\u00bb#ffffff\u00bb column_shadow=\u00bbnone\u00bb column_border_radius=\u00bbnone\u00bb column_link_target=\u00bb_self\u00bb column_position=\u00bbdefault\u00bb advanced_gradient_angle=\u00bb0&#8243; gradient_direction=\u00bbleft_to_right\u00bb overlay_strength=\u00bb0.3&#8243; width=\u00bb5\/12&#8243; tablet_width_inherit=\u00bbdefault\u00bb animation_type=\u00bbdefault\u00bb enable_animation=\u00bbtrue\u00bb animation=\u00bbreveal-from-left\u00bb animation_easing=\u00bbdefault\u00bb bg_image_animation=\u00bbnone\u00bb border_type=\u00bbsimple\u00bb column_border_width=\u00bbnone\u00bb column_border_style=\u00bbsolid\u00bb delay=\u00bb50&#8243; gradient_type=\u00bbdefault\u00bb][vc_row_inner column_margin=\u00bbdefault\u00bb column_direction=\u00bbdefault\u00bb column_direction_tablet=\u00bbdefault\u00bb column_direction_phone=\u00bbdefault\u00bb text_align=\u00bbleft\u00bb row_position=\u00bbdefault\u00bb row_position_tablet=\u00bbinherit\u00bb row_position_phone=\u00bbinherit\u00bb overflow=\u00bbvisible\u00bb pointer_events=\u00bball\u00bb el_id=\u00bbover_50&#8243;][vc_column_inner column_padding=\u00bbno-extra-padding\u00bb column_padding_tablet=\u00bbinherit\u00bb column_padding_phone=\u00bbinherit\u00bb column_padding_position=\u00bball\u00bb column_element_direction_desktop=\u00bbdefault\u00bb column_element_spacing=\u00bbdefault\u00bb desktop_text_alignment=\u00bbdefault\u00bb tablet_text_alignment=\u00bbdefault\u00bb phone_text_alignment=\u00bbdefault\u00bb background_color_opacity=\u00bb1&#8243; background_hover_color_opacity=\u00bb1&#8243; column_backdrop_filter=\u00bbnone\u00bb column_shadow=\u00bbnone\u00bb column_border_radius=\u00bbnone\u00bb column_link_target=\u00bb_self\u00bb overflow=\u00bbvisible\u00bb gradient_direction=\u00bbleft_to_right\u00bb overlay_strength=\u00bb0.3&#8243; width=\u00bb1\/1&#8243; tablet_width_inherit=\u00bbdefault\u00bb animation_type=\u00bbdefault\u00bb bg_image_animation=\u00bbnone\u00bb border_type=\u00bbsimple\u00bb column_border_width=\u00bbnone\u00bb column_border_style=\u00bbsolid\u00bb][vc_custom_heading text=\u00bbRESERVAS DE GRUPOS\u00bb font_container=\u00bbtag:p|text_align:left|color:%2349bcd4&#8243; use_theme_fonts=\u00bbyes\u00bb css_animation=\u00bbfadeIn\u00bb css=\u00bb.vc_custom_1716914328794{margin-bottom: -10px !important;border-bottom-width: 0px !important;}\u00bb][nectar_highlighted_text color_type=\u00bbregular\u00bb highlight_color=\u00bb#f66b36&#8243; text_color=\u00bb#ffffff\u00bb style=\u00bbfull_text\u00bb highlight_expansion=\u00bbdefault\u00bb custom_font_size=\u00bb35px\u00bb font_size_phone=\u00bb25px\u00bb font_line_height=\u00bb1.125em\u00bb delay=\u00bb0&#8243; text_direction=\u00bbdefault\u00bb]\n<h3>SI TU GRUPO TIENE <em>M\u00c1S DE 9 PERSONAS<\/em><\/h3>\n[\/nectar_highlighted_text][vc_column_text css_animation=\u00bbfadeInUp\u00bb text_direction=\u00bbdefault\u00bb]Ya sea que est\u00e9s buscando algo diferente para tus eventos corporativos, quieras organizar un viaje escolar inolvidable o simplemente est\u00e9s listo para una aventura \u00e9pica con tu familia o amigos, Jurassic World: The Exhibition ofrece incre\u00edbles ofertas para grupos que se pueden adaptar a tus necesidades.<\/p>\n<h4>C\u00f3mo Reservar<\/h4>\n<p>Si deseas visitar la exhibici\u00f3n con un grupo de m\u00e1s de 9 personas, completa el siguiente formulario para encontrar una fecha disponible para que puedas vivir la mejor experiencia Jur\u00e1sica en el pa\u00eds.[\/vc_column_text][\/vc_column_inner][\/vc_row_inner][divider line_type=\u00bbSmall Line\u00bb line_alignment=\u00bbcenter\u00bb line_thickness=\u00bb1&#8243; divider_color=\u00bbwhite\u00bb divider_opacity=\u00bb90&#8243; animate=\u00bbyes\u00bb custom_height=\u00bb100&#8243; custom_height_phone=\u00bb50&#8243; custom_line_width=\u00bb300&#8243;][vc_custom_heading text=\u00bb\u00a1HAGAMOS DE TU VISITA LA MEJOR AVENTURA CON DINOSAURIOS QUE HAYAS VIVIDO!\u00bb font_container=\u00bbtag:h2|text_align:center|color:%2349bcd4|line_height:1em\u00bb use_theme_fonts=\u00bbyes\u00bb css_animation=\u00bbfadeInUp\u00bb][divider line_type=\u00bbSmall Line\u00bb line_alignment=\u00bbcenter\u00bb line_thickness=\u00bb1&#8243; divider_color=\u00bbwhite\u00bb divider_opacity=\u00bb90&#8243; animate=\u00bbyes\u00bb custom_height=\u00bb100&#8243; custom_height_phone=\u00bb50&#8243; custom_line_width=\u00bb300&#8243;][vc_row_inner column_margin=\u00bbdefault\u00bb column_direction=\u00bbdefault\u00bb column_direction_tablet=\u00bbdefault\u00bb column_direction_phone=\u00bbdefault\u00bb text_align=\u00bbleft\u00bb row_position=\u00bbdefault\u00bb row_position_tablet=\u00bbinherit\u00bb row_position_phone=\u00bbinherit\u00bb overflow=\u00bbvisible\u00bb pointer_events=\u00bball\u00bb el_id=\u00bbunder_50&#8243;][vc_column_inner column_padding=\u00bbno-extra-padding\u00bb column_padding_tablet=\u00bbinherit\u00bb column_padding_phone=\u00bbinherit\u00bb column_padding_position=\u00bball\u00bb column_element_direction_desktop=\u00bbdefault\u00bb column_element_spacing=\u00bbdefault\u00bb desktop_text_alignment=\u00bbdefault\u00bb tablet_text_alignment=\u00bbdefault\u00bb phone_text_alignment=\u00bbdefault\u00bb background_color_opacity=\u00bb1&#8243; background_hover_color_opacity=\u00bb1&#8243; column_backdrop_filter=\u00bbnone\u00bb column_shadow=\u00bbnone\u00bb column_border_radius=\u00bbnone\u00bb column_link_target=\u00bb_self\u00bb overflow=\u00bbvisible\u00bb gradient_direction=\u00bbleft_to_right\u00bb overlay_strength=\u00bb0.3&#8243; width=\u00bb1\/1&#8243; tablet_width_inherit=\u00bbdefault\u00bb animation_type=\u00bbdefault\u00bb bg_image_animation=\u00bbnone\u00bb border_type=\u00bbsimple\u00bb column_border_width=\u00bbnone\u00bb column_border_style=\u00bbsolid\u00bb][vc_custom_heading text=\u00bbCOMPRAR EN L\u00cdNEA\u00bb font_container=\u00bbtag:p|text_align:left|color:%23f66b36&#8243; use_theme_fonts=\u00bbyes\u00bb css_animation=\u00bbfadeIn\u00bb css=\u00bb.vc_custom_1716917008354{margin-bottom: -10px !important;border-bottom-width: 0px !important;}\u00bb][nectar_highlighted_text color_type=\u00bbregular\u00bb highlight_color=\u00bb#38abc7&#8243; text_color=\u00bb#ffffff\u00bb style=\u00bbfull_text\u00bb highlight_expansion=\u00bbdefault\u00bb custom_font_size=\u00bb35px\u00bb font_size_phone=\u00bb25px\u00bb font_line_height=\u00bb1.125em\u00bb delay=\u00bb0&#8243; text_direction=\u00bbdefault\u00bb]\n<h3>SI TU GRUPO TIENE <em>MENOS DE 8 PERSONAS<\/em><\/h3>\n[\/nectar_highlighted_text][vc_column_text css=\u00bb\u00bb text_direction=\u00bbdefault\u00bb]Recuerda, puedes comprar una visita grupal est\u00e1ndar para <span style=\"color: #38abc7;\"><strong>hasta 8 personas<\/strong><\/span> directamente en nuestro sitio de venta de boletos.<\/p>\n<ul>\n<li>Visita nuestro sitio oficial de venta de boletos eTicket.co.<\/li>\n<li>Selecciona una fecha y hora disponibles para tu visita.<\/li>\n<li>Busca la opci\u00f3n Paquete grupal (6+) dentro de las opciones y agrega el n\u00famero de personas de tu grupo <span style=\"color: #38abc7;\"><strong>(hasta 8)<\/strong><\/span>.<\/li>\n<\/ul>\n[\/vc_column_text][\/vc_column_inner][\/vc_row_inner][divider line_type=\u00bbNo Line\u00bb custom_height=\u00bb40&#8243; custom_height_phone=\u00bb20&#8243;][\/vc_column][vc_column column_padding=\u00bbpadding-2-percent\u00bb column_padding_tablet=\u00bbinherit\u00bb column_padding_phone=\u00bbpadding-2-percent\u00bb column_padding_position=\u00bball\u00bb column_element_direction_desktop=\u00bbdefault\u00bb column_element_spacing=\u00bbdefault\u00bb desktop_text_alignment=\u00bbdefault\u00bb tablet_text_alignment=\u00bbdefault\u00bb phone_text_alignment=\u00bbdefault\u00bb background_color_opacity=\u00bb1&#8243; background_hover_color_opacity=\u00bb1&#8243; column_backdrop_filter=\u00bbnone\u00bb column_shadow=\u00bbnone\u00bb column_border_radius=\u00bbnone\u00bb column_link_target=\u00bb_self\u00bb column_position=\u00bbdefault\u00bb advanced_gradient_angle=\u00bb0&#8243; gradient_direction=\u00bbleft_to_right\u00bb overlay_strength=\u00bb0.3&#8243; width=\u00bb7\/12&#8243; tablet_width_inherit=\u00bbdefault\u00bb animation_type=\u00bbdefault\u00bb enable_animation=\u00bbtrue\u00bb animation=\u00bbreveal-from-right\u00bb animation_easing=\u00bbdefault\u00bb bg_image_animation=\u00bbnone\u00bb border_type=\u00bbsimple\u00bb column_border_width=\u00bbnone\u00bb column_border_style=\u00bbsolid\u00bb delay=\u00bb100&#8243; gradient_type=\u00bbdefault\u00bb column_padding_type=\u00bbdefault\u00bb][vc_custom_heading text=\u00bbCOMPLETA ESTE FORMULARIO\u00bb font_container=\u00bbtag:p|text_align:left|color:%2349bcd4&#8243; use_theme_fonts=\u00bbyes\u00bb css_animation=\u00bbfadeIn\u00bb css=\u00bb.vc_custom_1716915799398{margin-bottom: -10px !important;border-bottom-width: 0px !important;}\u00bb][vc_custom_heading text=\u00bbSI TU GRUPO ES DE M\u00c1S DE 9 ASISTENTES\u00bb font_container=\u00bbtag:h3|font_size:1.35em|text_align:left|line_height:1.35em\u00bb use_theme_fonts=\u00bbyes\u00bb css_animation=\u00bbfadeIn\u00bb css=\u00bb.vc_custom_1719340448058{margin-bottom: 0px !important;border-bottom-width: 0px !important;}\u00bb][vc_row_inner column_margin=\u00bbdefault\u00bb column_direction=\u00bbdefault\u00bb column_direction_tablet=\u00bbdefault\u00bb column_direction_phone=\u00bbdefault\u00bb text_align=\u00bbleft\u00bb row_position=\u00bbdefault\u00bb row_position_tablet=\u00bbinherit\u00bb row_position_phone=\u00bbinherit\u00bb overflow=\u00bbvisible\u00bb pointer_events=\u00bball\u00bb][vc_column_inner column_padding=\u00bbno-extra-padding\u00bb column_padding_tablet=\u00bbinherit\u00bb column_padding_phone=\u00bbinherit\u00bb column_padding_position=\u00bball\u00bb column_element_direction_desktop=\u00bbdefault\u00bb column_element_spacing=\u00bbdefault\u00bb desktop_text_alignment=\u00bbdefault\u00bb tablet_text_alignment=\u00bbdefault\u00bb phone_text_alignment=\u00bbdefault\u00bb background_color_opacity=\u00bb1&#8243; background_hover_color_opacity=\u00bb1&#8243; column_backdrop_filter=\u00bbnone\u00bb column_shadow=\u00bbnone\u00bb column_border_radius=\u00bbnone\u00bb column_link_target=\u00bb_self\u00bb overflow=\u00bbvisible\u00bb gradient_direction=\u00bbleft_to_right\u00bb overlay_strength=\u00bb0.3&#8243; width=\u00bb1\/1&#8243; tablet_width_inherit=\u00bbdefault\u00bb animation_type=\u00bbdefault\u00bb bg_image_animation=\u00bbnone\u00bb border_type=\u00bbsimple\u00bb column_border_width=\u00bbnone\u00bb column_border_style=\u00bbsolid\u00bb][vc_column_text text_direction=\u00bbdefault\u00bb][ninja_form id=4][\/vc_column_text][\/vc_column_inner][\/vc_row_inner][\/vc_column][\/vc_row]\n","protected":false},"excerpt":{"rendered":"<p>[vc_row type=\u00bbfull_width_background\u00bb full_screen_row_position=\u00bbmiddle\u00bb column_margin=\u00bbdefault\u00bb equal_height=\u00bbyes\u00bb content_placement=\u00bbtop\u00bb column_direction=\u00bbdefault\u00bb column_direction_tablet=\u00bbdefault\u00bb column_direction_phone=\u00bbdefault\u00bb bg_color=\u00bb#1f2222&#8243; scene_position=\u00bbcenter\u00bb top_padding=\u00bb5%\u00bb bottom_padding=\u00bb3%\u00bb text_color=\u00bbcustom\u00bb custom_text_color=\u00bb#ffffff\u00bb text_align=\u00bbleft\u00bb row_border_radius=\u00bbnone\u00bb row_border_radius_applies=\u00bbbg\u00bb overflow=\u00bbvisible\u00bb advanced_gradient=\u00bbradial-gradient(circle at center, rgba(31,34,34,0.65) 10%, rgb(0,0,0) 90%)\u00bb shape_divider_position=\u00bbbottom\u00bb bg_image_animation=\u00bbnone\u00bb shape_type=\u00bb\u00bb gradient_type=\u00bbadvanced\u00bb&#8230;<\/p>\n","protected":false},"author":1,"featured_media":0,"parent":0,"menu_order":0,"comment_status":"closed","ping_status":"closed","template":"","meta":{"inline_featured_image":false,"footnotes":""},"class_list":["post-7897","page","type-page","status-publish"],"yoast_head":"<!-- This site is optimized with the Yoast SEO plugin v24.9 - https:\/\/yoast.com\/wordpress\/plugins\/seo\/ -->\n<title>Group Bookings for Jurassic World: The Exhibition<\/title>\n<meta name=\"description\" content=\"Jurassic World: The Exhibition offers fantastic group bookings which can be tailored to suit your requests.\" \/>\n<meta name=\"robots\" content=\"index, follow, max-snippet:-1, max-image-preview:large, max-video-preview:-1\" \/>\n<link rel=\"canonical\" href=\"https:\/\/jurassicworldexperience.com\/cl\/groups\" \/>\n<meta property=\"og:locale\" content=\"es_ES\" \/>\n<meta property=\"og:type\" content=\"article\" \/>\n<meta property=\"og:title\" content=\"Group Bookings for Jurassic World: The Exhibition\" \/>\n<meta property=\"og:description\" content=\"Jurassic World: The Exhibition offers fantastic group bookings which can be tailored to suit your requests.\" \/>\n<meta property=\"og:url\" content=\"https:\/\/jurassicworldexperience.com\/cl\/groups\" \/>\n<meta property=\"og:site_name\" content=\"Jurassic World: The Experience - Santiago\" \/>\n<meta property=\"article:publisher\" content=\"https:\/\/www.facebook.com\/jurassicworldexhibition\" \/>\n<meta property=\"article:modified_time\" content=\"2025-03-06T20:29:41+00:00\" \/>\n<meta property=\"og:image\" content=\"https:\/\/jurassicworldexperience.com\/cl\/wp-content\/uploads\/sites\/7\/2021\/04\/Jurassic-Workd-The-Exhibition-Shareable-Image.jpg\" \/>\n\t<meta property=\"og:image:width\" content=\"1200\" \/>\n\t<meta property=\"og:image:height\" content=\"630\" \/>\n\t<meta property=\"og:image:type\" content=\"image\/jpeg\" \/>\n<meta name=\"twitter:card\" content=\"summary_large_image\" \/>\n<meta name=\"twitter:site\" content=\"@jworldexhibit\" \/>\n<meta name=\"twitter:label1\" content=\"Tiempo de lectura\" \/>\n\t<meta name=\"twitter:data1\" content=\"1 minuto\" \/>\n<script type=\"application\/ld+json\" class=\"yoast-schema-graph\">{\"@context\":\"https:\/\/schema.org\",\"@graph\":[{\"@type\":\"WebPage\",\"@id\":\"https:\/\/jurassicworldexperience.com\/cl\/groups\",\"url\":\"https:\/\/jurassicworldexperience.com\/cl\/groups\",\"name\":\"Group Bookings for Jurassic World: The Exhibition\",\"isPartOf\":{\"@id\":\"https:\/\/jurassicworldexperience.com\/cl\/#website\"},\"datePublished\":\"2022-07-01T17:33:31+00:00\",\"dateModified\":\"2025-03-06T20:29:41+00:00\",\"description\":\"Jurassic World: The Exhibition offers fantastic group bookings which can be tailored to suit your requests.\",\"breadcrumb\":{\"@id\":\"https:\/\/jurassicworldexperience.com\/cl\/groups#breadcrumb\"},\"inLanguage\":\"es\",\"potentialAction\":[{\"@type\":\"ReadAction\",\"target\":[\"https:\/\/jurassicworldexperience.com\/cl\/groups\"]}]},{\"@type\":\"BreadcrumbList\",\"@id\":\"https:\/\/jurassicworldexperience.com\/cl\/groups#breadcrumb\",\"itemListElement\":[{\"@type\":\"ListItem\",\"position\":1,\"name\":\"Home\",\"item\":\"https:\/\/jurassicworldexperience.com\/cl\/\"},{\"@type\":\"ListItem\",\"position\":2,\"name\":\"Group Bookings\"}]},{\"@type\":\"WebSite\",\"@id\":\"https:\/\/jurassicworldexperience.com\/cl\/#website\",\"url\":\"https:\/\/jurassicworldexperience.com\/cl\/\",\"name\":\"Jurassic World: The Exhibition - CDMX, M\u00e9xico\",\"description\":\"Lo M\u00e1s Cerca Que Estar\u00e1s a Dinosaurios\",\"publisher\":{\"@id\":\"https:\/\/jurassicworldexperience.com\/cl\/#organization\"},\"alternateName\":\"JWE - CDMX, M\u00e9xico\",\"potentialAction\":[{\"@type\":\"SearchAction\",\"target\":{\"@type\":\"EntryPoint\",\"urlTemplate\":\"https:\/\/jurassicworldexperience.com\/cl\/?s={search_term_string}\"},\"query-input\":{\"@type\":\"PropertyValueSpecification\",\"valueRequired\":true,\"valueName\":\"search_term_string\"}}],\"inLanguage\":\"es\"},{\"@type\":\"Organization\",\"@id\":\"https:\/\/jurassicworldexperience.com\/cl\/#organization\",\"name\":\"Jurassic World: The Exhibition - CDMX, M\u00e9xico\",\"alternateName\":\"JWE - Mississauga\",\"url\":\"https:\/\/jurassicworldexperience.com\/cl\/\",\"logo\":{\"@type\":\"ImageObject\",\"inLanguage\":\"es\",\"@id\":\"https:\/\/jurassicworldexperience.com\/cl\/#\/schema\/logo\/image\/\",\"url\":\"https:\/\/jurassicworldexperience.com\/cl\/\/srv\/htdocs\/wp-content\/uploads\/sites\/7\/2024\/05\/JWE-Logo-by-NEON.png\",\"contentUrl\":\"https:\/\/jurassicworldexperience.com\/cl\/\/srv\/htdocs\/wp-content\/uploads\/sites\/7\/2024\/05\/JWE-Logo-by-NEON.png\",\"width\":480,\"height\":450,\"caption\":\"Jurassic World: The Exhibition - CDMX, M\u00e9xico\"},\"image\":{\"@id\":\"https:\/\/jurassicworldexperience.com\/cl\/#\/schema\/logo\/image\/\"},\"sameAs\":[\"https:\/\/www.facebook.com\/jurassicworldexhibition\",\"https:\/\/x.com\/jworldexhibit\",\"https:\/\/www.instagram.com\/jurassicworldexhibition\/\"]}]}<\/script>\n<!-- \/ Yoast SEO plugin. -->","yoast_head_json":{"title":"Group Bookings for Jurassic World: The Exhibition","description":"Jurassic World: The Exhibition offers fantastic group bookings which can be tailored to suit your requests.","robots":{"index":"index","follow":"follow","max-snippet":"max-snippet:-1","max-image-preview":"max-image-preview:large","max-video-preview":"max-video-preview:-1"},"canonical":"https:\/\/jurassicworldexperience.com\/cl\/groups","og_locale":"es_ES","og_type":"article","og_title":"Group Bookings for Jurassic World: The Exhibition","og_description":"Jurassic World: The Exhibition offers fantastic group bookings which can be tailored to suit your requests.","og_url":"https:\/\/jurassicworldexperience.com\/cl\/groups","og_site_name":"Jurassic World: The Experience - Santiago","article_publisher":"https:\/\/www.facebook.com\/jurassicworldexhibition","article_modified_time":"2025-03-06T20:29:41+00:00","og_image":[{"width":1200,"height":630,"url":"https:\/\/jurassicworldexperience.com\/cl\/wp-content\/uploads\/sites\/7\/2021\/04\/Jurassic-Workd-The-Exhibition-Shareable-Image.jpg","type":"image\/jpeg"}],"twitter_card":"summary_large_image","twitter_site":"@jworldexhibit","twitter_misc":{"Tiempo de lectura":"1 minuto"},"schema":{"@context":"https:\/\/schema.org","@graph":[{"@type":"WebPage","@id":"https:\/\/jurassicworldexperience.com\/cl\/groups","url":"https:\/\/jurassicworldexperience.com\/cl\/groups","name":"Group Bookings for Jurassic World: The Exhibition","isPartOf":{"@id":"https:\/\/jurassicworldexperience.com\/cl\/#website"},"datePublished":"2022-07-01T17:33:31+00:00","dateModified":"2025-03-06T20:29:41+00:00","description":"Jurassic World: The Exhibition offers fantastic group bookings which can be tailored to suit your requests.","breadcrumb":{"@id":"https:\/\/jurassicworldexperience.com\/cl\/groups#breadcrumb"},"inLanguage":"es","potentialAction":[{"@type":"ReadAction","target":["https:\/\/jurassicworldexperience.com\/cl\/groups"]}]},{"@type":"BreadcrumbList","@id":"https:\/\/jurassicworldexperience.com\/cl\/groups#breadcrumb","itemListElement":[{"@type":"ListItem","position":1,"name":"Home","item":"https:\/\/jurassicworldexperience.com\/cl\/"},{"@type":"ListItem","position":2,"name":"Group Bookings"}]},{"@type":"WebSite","@id":"https:\/\/jurassicworldexperience.com\/cl\/#website","url":"https:\/\/jurassicworldexperience.com\/cl\/","name":"Jurassic World: The Exhibition - CDMX, M\u00e9xico","description":"Lo M\u00e1s Cerca Que Estar\u00e1s a Dinosaurios","publisher":{"@id":"https:\/\/jurassicworldexperience.com\/cl\/#organization"},"alternateName":"JWE - CDMX, M\u00e9xico","potentialAction":[{"@type":"SearchAction","target":{"@type":"EntryPoint","urlTemplate":"https:\/\/jurassicworldexperience.com\/cl\/?s={search_term_string}"},"query-input":{"@type":"PropertyValueSpecification","valueRequired":true,"valueName":"search_term_string"}}],"inLanguage":"es"},{"@type":"Organization","@id":"https:\/\/jurassicworldexperience.com\/cl\/#organization","name":"Jurassic World: The Exhibition - CDMX, M\u00e9xico","alternateName":"JWE - Mississauga","url":"https:\/\/jurassicworldexperience.com\/cl\/","logo":{"@type":"ImageObject","inLanguage":"es","@id":"https:\/\/jurassicworldexperience.com\/cl\/#\/schema\/logo\/image\/","url":"https:\/\/jurassicworldexperience.com\/cl\/\/srv\/htdocs\/wp-content\/uploads\/sites\/7\/2024\/05\/JWE-Logo-by-NEON.png","contentUrl":"https:\/\/jurassicworldexperience.com\/cl\/\/srv\/htdocs\/wp-content\/uploads\/sites\/7\/2024\/05\/JWE-Logo-by-NEON.png","width":480,"height":450,"caption":"Jurassic World: The Exhibition - CDMX, M\u00e9xico"},"image":{"@id":"https:\/\/jurassicworldexperience.com\/cl\/#\/schema\/logo\/image\/"},"sameAs":["https:\/\/www.facebook.com\/jurassicworldexhibition","https:\/\/x.com\/jworldexhibit","https:\/\/www.instagram.com\/jurassicworldexhibition\/"]}]}},"_links":{"self":[{"href":"https:\/\/jurassicworldexperience.com\/cl\/wp-json\/wp\/v2\/pages\/7897","targetHints":{"allow":["GET"]}}],"collection":[{"href":"https:\/\/jurassicworldexperience.com\/cl\/wp-json\/wp\/v2\/pages"}],"about":[{"href":"https:\/\/jurassicworldexperience.com\/cl\/wp-json\/wp\/v2\/types\/page"}],"author":[{"embeddable":true,"href":"https:\/\/jurassicworldexperience.com\/cl\/wp-json\/wp\/v2\/users\/1"}],"replies":[{"embeddable":true,"href":"https:\/\/jurassicworldexperience.com\/cl\/wp-json\/wp\/v2\/comments?post=7897"}],"version-history":[{"count":0,"href":"https:\/\/jurassicworldexperience.com\/cl\/wp-json\/wp\/v2\/pages\/7897\/revisions"}],"wp:attachment":[{"href":"https:\/\/jurassicworldexperience.com\/cl\/wp-json\/wp\/v2\/media?parent=7897"}],"curies":[{"name":"wp","href":"https:\/\/api.w.org\/{rel}","templated":true}]}}