{"id":13134,"date":"2024-01-08T16:39:25","date_gmt":"2024-01-08T21:39:25","guid":{"rendered":"https:\/\/jurassicworldexperience.com\/cl\/?page_id=13134"},"modified":"2024-01-13T11:42:34","modified_gmt":"2024-01-13T16:42:34","slug":"waitlist-confirmed","status":"publish","type":"page","link":"https:\/\/jurassicworldexperience.com\/cl\/waitlist-confirmed","title":{"rendered":"Waitlist Sign Up Confirmed"},"content":{"rendered":"[vc_row type=\u00bbfull_width_background\u00bb full_screen_row_position=\u00bbmiddle\u00bb column_margin=\u00bbdefault\u00bb equal_height=\u00bbyes\u00bb column_direction=\u00bbdefault\u00bb column_direction_tablet=\u00bbdefault\u00bb column_direction_phone=\u00bbdefault\u00bb bg_color=\u00bb#000000&#8243; scene_position=\u00bbcenter\u00bb text_color=\u00bbdark\u00bb text_align=\u00bbleft\u00bb row_border_radius=\u00bbnone\u00bb row_border_radius_applies=\u00bbbg\u00bb overflow=\u00bbvisible\u00bb overlay_strength=\u00bb0.3&#8243; gradient_direction=\u00bbleft_to_right\u00bb shape_divider_position=\u00bbbottom\u00bb bg_image_animation=\u00bbnone\u00bb gradient_type=\u00bbdefault\u00bb shape_type=\u00bb\u00bb][vc_column top_padding_desktop=\u00bb5%\u00bb constrain_group_100=\u00bbyes\u00bb bottom_padding_desktop=\u00bb5%\u00bb left_padding_desktop=\u00bb5%\u00bb constrain_group_101=\u00bbyes\u00bb right_padding_desktop=\u00bb5%\u00bb top_padding_phone=\u00bb5%\u00bb constrain_group_104=\u00bbyes\u00bb bottom_padding_phone=\u00bb5%\u00bb left_padding_phone=\u00bb2%\u00bb constrain_group_105=\u00bbyes\u00bb right_padding_phone=\u00bb2%\u00bb column_element_direction_desktop=\u00bbdefault\u00bb column_element_spacing=\u00bbdefault\u00bb centered_text=\u00bbtrue\u00bb desktop_text_alignment=\u00bbdefault\u00bb tablet_text_alignment=\u00bbdefault\u00bb phone_text_alignment=\u00bbdefault\u00bb background_color_opacity=\u00bb1&#8243; background_hover_color_opacity=\u00bb1&#8243; column_backdrop_filter=\u00bbnone\u00bb column_shadow=\u00bbnone\u00bb column_border_radius=\u00bbnone\u00bb column_link_target=\u00bb_self\u00bb column_position=\u00bbdefault\u00bb gradient_direction=\u00bbleft_to_right\u00bb overlay_strength=\u00bb0.3&#8243; width=\u00bb1\/1&#8243; tablet_width_inherit=\u00bbdefault\u00bb animation_type=\u00bbdefault\u00bb bg_image_animation=\u00bbnone\u00bb border_type=\u00bbsimple\u00bb column_border_width=\u00bbnone\u00bb column_border_style=\u00bbsolid\u00bb column_padding_type=\u00bbadvanced\u00bb gradient_type=\u00bbdefault\u00bb][nectar_responsive_text font_line_height=\u00bb1.125em\u00bb font_size_phone=\u00bb35px\u00bb font_size_desktop=\u00bb45px\u00bb]\n<h2><span style=\"color: #40b4ce;\">CONGRATULATIONS!<\/span><\/h2>\n[\/nectar_responsive_text][nectar_responsive_text font_line_height=\u00bb1.125em\u00bb font_size_phone=\u00bb20px\u00bb font_size_desktop=\u00bb24px\u00bb]\n<h5>You now have access to pre-sale tickets to Jurassic World: The Exhibition!<\/h5>\n[\/nectar_responsive_text][divider line_type=\u00bbNo Line\u00bb custom_height=\u00bb10&#8243;][vc_column_text max_width=\u00bb650&#8243;]\n<h4><span style=\"color: #f66b36;\"><i class=\"icon-default-style fa fa-calendar extra-color-1\"><\/i> LIMITED TIME ONLY!<\/span><\/h4>\n<p><strong>Through January 15th at 11:00 am CST!<\/strong><br \/>\nGet your tickets today before they go on sale to the general public.[\/vc_column_text][divider line_type=\u00bbNo Line\u00bb custom_height=\u00bb20&#8243;][nectar_btn size=\u00bbjumbo\u00bb open_new_tab=\u00bbtrue\u00bb button_style=\u00bbregular\u00bb button_color_2=\u00bbExtra-Color-1&#8243; icon_family=\u00bbdefault_arrow\u00bb text=\u00bbBUY TICKETS NOW!\u00bb url=\u00bbhttps:\/\/www.ticketmaster.com\/artist\/2185788?venueId=476346&amp;did=jurassicworld&amp;calendar_view=1&amp;CAMEFROM=CFC_NEON_GLOBAL_EMAIL_PRESALEEMA_JWFBLEADSPRESALEEMAIL\u00bb css_animation=\u00bbbounce\u00bb][divider line_type=\u00bbNo Line\u00bb custom_height=\u00bb40&#8243;][vc_custom_heading text=\u00bbFOLLOW OUR SOCIALS\u00bb font_container=\u00bbtag:h5|text_align:center|color:%23ffffff\u00bb use_theme_fonts=\u00bbyes\u00bb][nectar_icon icon_family=\u00bbfontawesome\u00bb icon_style=\u00bbdefault\u00bb icon_color_type=\u00bbcolor_scheme\u00bb icon_color=\u00bbwhite\u00bb open_new_tab=\u00bbtrue\u00bb icon_padding=\u00bb20px\u00bb pointer_events=\u00bball\u00bb icon_fontawesome=\u00bbfa fa-facebook\u00bb icon_size=\u00bb40&#8243; url=\u00bbhttps:\/\/www.facebook.com\/jurassicworldexhibition\u00bb][nectar_icon icon_family=\u00bbfontawesome\u00bb icon_style=\u00bbdefault\u00bb icon_color_type=\u00bbcolor_scheme\u00bb icon_color=\u00bbwhite\u00bb open_new_tab=\u00bbtrue\u00bb icon_padding=\u00bb20px\u00bb pointer_events=\u00bball\u00bb icon_fontawesome=\u00bbfa fa-instagram\u00bb icon_size=\u00bb40&#8243; url=\u00bbhttps:\/\/www.instagram.com\/jurassicworldexhibition\/\u00bb][nectar_icon icon_family=\u00bbfontawesome\u00bb icon_style=\u00bbdefault\u00bb icon_color_type=\u00bbcolor_scheme\u00bb icon_color=\u00bbwhite\u00bb open_new_tab=\u00bbtrue\u00bb icon_padding=\u00bb20px\u00bb pointer_events=\u00bball\u00bb icon_size=\u00bb40&#8243; url=\u00bbhttps:\/\/twitter.com\/jworldexhibit\u00bb icon_fontawesome=\u00bbfa fa-twitter\u00bb][vc_custom_heading text=\u00bb#JWExhibition #DinosInHouston\u00bb font_container=\u00bbtag:h5|text_align:center|color:%2340b4ce\u00bb use_theme_fonts=\u00bbyes\u00bb css=\u00bb.vc_custom_1704821649824{margin-top: -15px !important;}\u00bb][\/vc_column][\/vc_row][vc_row type=\u00bbfull_width_background\u00bb full_screen_row_position=\u00bbmiddle\u00bb column_margin=\u00bbdefault\u00bb equal_height=\u00bbyes\u00bb column_direction=\u00bbdefault\u00bb column_direction_tablet=\u00bbdefault\u00bb column_direction_phone=\u00bbdefault\u00bb bg_color=\u00bb#000000&#8243; scene_position=\u00bbcenter\u00bb text_color=\u00bbdark\u00bb text_align=\u00bbleft\u00bb row_border_radius=\u00bbnone\u00bb row_border_radius_applies=\u00bbbg\u00bb overflow=\u00bbvisible\u00bb disable_element=\u00bbyes\u00bb overlay_strength=\u00bb0.3&#8243; gradient_direction=\u00bbleft_to_right\u00bb shape_divider_position=\u00bbbottom\u00bb bg_image_animation=\u00bbnone\u00bb gradient_type=\u00bbdefault\u00bb shape_type=\u00bb\u00bb][vc_column top_padding_desktop=\u00bb5%\u00bb constrain_group_100=\u00bbyes\u00bb bottom_padding_desktop=\u00bb5%\u00bb left_padding_desktop=\u00bb5%\u00bb constrain_group_101=\u00bbyes\u00bb right_padding_desktop=\u00bb5%\u00bb top_padding_phone=\u00bb5%\u00bb constrain_group_104=\u00bbyes\u00bb bottom_padding_phone=\u00bb5%\u00bb left_padding_phone=\u00bb2%\u00bb constrain_group_105=\u00bbyes\u00bb right_padding_phone=\u00bb2%\u00bb column_element_direction_desktop=\u00bbdefault\u00bb column_element_spacing=\u00bbdefault\u00bb centered_text=\u00bbtrue\u00bb desktop_text_alignment=\u00bbdefault\u00bb tablet_text_alignment=\u00bbdefault\u00bb phone_text_alignment=\u00bbdefault\u00bb background_color_opacity=\u00bb1&#8243; background_hover_color_opacity=\u00bb1&#8243; column_backdrop_filter=\u00bbnone\u00bb column_shadow=\u00bbnone\u00bb column_border_radius=\u00bbnone\u00bb column_link_target=\u00bb_self\u00bb column_position=\u00bbdefault\u00bb gradient_direction=\u00bbleft_to_right\u00bb overlay_strength=\u00bb0.3&#8243; width=\u00bb1\/1&#8243; tablet_width_inherit=\u00bbdefault\u00bb animation_type=\u00bbdefault\u00bb bg_image_animation=\u00bbnone\u00bb border_type=\u00bbsimple\u00bb column_border_width=\u00bbnone\u00bb column_border_style=\u00bbsolid\u00bb column_padding_type=\u00bbadvanced\u00bb gradient_type=\u00bbdefault\u00bb][nectar_responsive_text font_line_height=\u00bb1.125em\u00bb font_size_phone=\u00bb35px\u00bb font_size_desktop=\u00bb45px\u00bb]\n<h2><span style=\"color: #40b4ce;\">CONGRATULATIONS!<\/span><\/h2>\n[\/nectar_responsive_text][nectar_responsive_text font_line_height=\u00bb1.125em\u00bb font_size_phone=\u00bb20px\u00bb font_size_desktop=\u00bb24px\u00bb]\n<h5>You have successfully registered for the Jurassic World: The Exhibition Waitlist.<\/h5>\n[\/nectar_responsive_text][vc_column_text max_width=\u00bb650&#8243;]\n<h4><span style=\"color: #f66b36;\"><i class=\"icon-default-style fa fa-calendar extra-color-1\"><\/i> SAVE THE DATE<\/span><\/h4>\n<p><strong>Pre-sale starts January 13th at 11:00 am CST!<\/strong> Get your tickets before they go on sale to the general public on January 15th.<\/p>\n<p>You will receive a reminder email on pre-sale day with exclusive access to book your tickets through our ticketing partner, Ticketmaster.[\/vc_column_text][divider line_type=\u00bbNo Line\u00bb custom_height=\u00bb40&#8243;][vc_custom_heading text=\u00bbFOLLOW OUR SOCIALS\u00bb font_container=\u00bbtag:h5|text_align:center|color:%23ffffff\u00bb use_theme_fonts=\u00bbyes\u00bb][nectar_icon icon_family=\u00bbfontawesome\u00bb icon_style=\u00bbdefault\u00bb icon_color_type=\u00bbcolor_scheme\u00bb icon_color=\u00bbwhite\u00bb open_new_tab=\u00bbtrue\u00bb icon_padding=\u00bb20px\u00bb pointer_events=\u00bball\u00bb icon_fontawesome=\u00bbfa fa-facebook\u00bb icon_size=\u00bb40&#8243; url=\u00bbhttps:\/\/www.facebook.com\/jurassicworldexhibition\u00bb][nectar_icon icon_family=\u00bbfontawesome\u00bb icon_style=\u00bbdefault\u00bb icon_color_type=\u00bbcolor_scheme\u00bb icon_color=\u00bbwhite\u00bb open_new_tab=\u00bbtrue\u00bb icon_padding=\u00bb20px\u00bb pointer_events=\u00bball\u00bb icon_fontawesome=\u00bbfa fa-instagram\u00bb icon_size=\u00bb40&#8243; url=\u00bbhttps:\/\/www.instagram.com\/jurassicworldexhibition\/\u00bb][nectar_icon icon_family=\u00bbnectarbrands\u00bb icon_style=\u00bbdefault\u00bb icon_color_type=\u00bbcolor_scheme\u00bb icon_color=\u00bbwhite\u00bb open_new_tab=\u00bbtrue\u00bb icon_padding=\u00bb20px\u00bb pointer_events=\u00bball\u00bb icon_size=\u00bb35&#8243; url=\u00bbhttps:\/\/twitter.com\/jworldexhibit\u00bb icon_nectarbrands=\u00bbnectar-brands-x-twitter\u00bb margin_top=\u00bb35&#8243; margin_bottom=\u00bb-25&#8243;][vc_custom_heading text=\u00bb#JWExhibition #DinosInHouston\u00bb font_container=\u00bbtag:h5|text_align:center|color:%2340b4ce\u00bb use_theme_fonts=\u00bbyes\u00bb css=\u00bb.vc_custom_1704821649824{margin-top: -15px !important;}\u00bb][\/vc_column][\/vc_row]\n","protected":false},"excerpt":{"rendered":"<p>[vc_row type=\u00bbfull_width_background\u00bb full_screen_row_position=\u00bbmiddle\u00bb column_margin=\u00bbdefault\u00bb equal_height=\u00bbyes\u00bb column_direction=\u00bbdefault\u00bb column_direction_tablet=\u00bbdefault\u00bb column_direction_phone=\u00bbdefault\u00bb bg_color=\u00bb#000000&#8243; scene_position=\u00bbcenter\u00bb text_color=\u00bbdark\u00bb text_align=\u00bbleft\u00bb row_border_radius=\u00bbnone\u00bb row_border_radius_applies=\u00bbbg\u00bb overflow=\u00bbvisible\u00bb overlay_strength=\u00bb0.3&#8243; gradient_direction=\u00bbleft_to_right\u00bb shape_divider_position=\u00bbbottom\u00bb bg_image_animation=\u00bbnone\u00bb gradient_type=\u00bbdefault\u00bb shape_type=\u00bb\u00bb][vc_column top_padding_desktop=\u00bb5%\u00bb constrain_group_100=\u00bbyes\u00bb bottom_padding_desktop=\u00bb5%\u00bb left_padding_desktop=\u00bb5%\u00bb constrain_group_101=\u00bbyes\u00bb right_padding_desktop=\u00bb5%\u00bb top_padding_phone=\u00bb5%\u00bb constrain_group_104=\u00bbyes\u00bb bottom_padding_phone=\u00bb5%\u00bb&#8230;<\/p>\n","protected":false},"author":1,"featured_media":0,"parent":0,"menu_order":0,"comment_status":"closed","ping_status":"closed","template":"","meta":{"inline_featured_image":false,"footnotes":""},"class_list":["post-13134","page","type-page","status-publish"],"yoast_head":"<!-- This site is optimized with the Yoast SEO plugin v24.9 - https:\/\/yoast.com\/wordpress\/plugins\/seo\/ -->\n<title>Waitlist Sign Up Confirmed - Jurassic World: The Experience - Santiago<\/title>\n<meta name=\"robots\" content=\"index, follow, max-snippet:-1, max-image-preview:large, max-video-preview:-1\" \/>\n<link rel=\"canonical\" href=\"https:\/\/jurassicworldexperience.com\/cl\/waitlist-confirmed\" \/>\n<meta property=\"og:locale\" content=\"es_ES\" \/>\n<meta property=\"og:type\" content=\"article\" \/>\n<meta property=\"og:title\" content=\"Waitlist Sign Up Confirmed - Jurassic World: The Experience - Santiago\" \/>\n<meta property=\"og:description\" content=\"[vc_row type=\u00bbfull_width_background\u00bb full_screen_row_position=\u00bbmiddle\u00bb column_margin=\u00bbdefault\u00bb equal_height=\u00bbyes\u00bb column_direction=\u00bbdefault\u00bb column_direction_tablet=\u00bbdefault\u00bb column_direction_phone=\u00bbdefault\u00bb bg_color=\u00bb#000000&#8243; scene_position=\u00bbcenter\u00bb text_color=\u00bbdark\u00bb text_align=\u00bbleft\u00bb row_border_radius=\u00bbnone\u00bb row_border_radius_applies=\u00bbbg\u00bb overflow=\u00bbvisible\u00bb overlay_strength=\u00bb0.3&#8243; gradient_direction=\u00bbleft_to_right\u00bb shape_divider_position=\u00bbbottom\u00bb bg_image_animation=\u00bbnone\u00bb gradient_type=\u00bbdefault\u00bb shape_type=\u00bb\u00bb][vc_column top_padding_desktop=\u00bb5%\u00bb constrain_group_100=\u00bbyes\u00bb bottom_padding_desktop=\u00bb5%\u00bb left_padding_desktop=\u00bb5%\u00bb constrain_group_101=\u00bbyes\u00bb right_padding_desktop=\u00bb5%\u00bb top_padding_phone=\u00bb5%\u00bb constrain_group_104=\u00bbyes\u00bb bottom_padding_phone=\u00bb5%\u00bb...\" \/>\n<meta property=\"og:url\" content=\"https:\/\/jurassicworldexperience.com\/cl\/waitlist-confirmed\" \/>\n<meta property=\"og:site_name\" content=\"Jurassic World: The Experience - Santiago\" \/>\n<meta property=\"article:publisher\" content=\"https:\/\/www.facebook.com\/jurassicworldexhibition\" \/>\n<meta property=\"article:modified_time\" content=\"2024-01-13T16:42:34+00:00\" \/>\n<meta property=\"og:image\" content=\"https:\/\/jurassicworldexperience.com\/cl\/wp-content\/uploads\/sites\/7\/2021\/04\/Jurassic-Workd-The-Exhibition-Shareable-Image.jpg\" \/>\n\t<meta property=\"og:image:width\" content=\"1200\" \/>\n\t<meta property=\"og:image:height\" content=\"630\" \/>\n\t<meta property=\"og:image:type\" content=\"image\/jpeg\" \/>\n<meta name=\"twitter:card\" content=\"summary_large_image\" \/>\n<meta name=\"twitter:site\" content=\"@jworldexhibit\" \/>\n<meta name=\"twitter:label1\" content=\"Tiempo de lectura\" \/>\n\t<meta name=\"twitter:data1\" content=\"2 minutos\" \/>\n<script type=\"application\/ld+json\" class=\"yoast-schema-graph\">{\"@context\":\"https:\/\/schema.org\",\"@graph\":[{\"@type\":\"WebPage\",\"@id\":\"https:\/\/jurassicworldexperience.com\/cl\/waitlist-confirmed\",\"url\":\"https:\/\/jurassicworldexperience.com\/cl\/waitlist-confirmed\",\"name\":\"Waitlist Sign Up Confirmed - Jurassic World: The Experience - Santiago\",\"isPartOf\":{\"@id\":\"https:\/\/jurassicworldexperience.com\/cl\/#website\"},\"datePublished\":\"2024-01-08T21:39:25+00:00\",\"dateModified\":\"2024-01-13T16:42:34+00:00\",\"breadcrumb\":{\"@id\":\"https:\/\/jurassicworldexperience.com\/cl\/waitlist-confirmed#breadcrumb\"},\"inLanguage\":\"es\",\"potentialAction\":[{\"@type\":\"ReadAction\",\"target\":[\"https:\/\/jurassicworldexperience.com\/cl\/waitlist-confirmed\"]}]},{\"@type\":\"BreadcrumbList\",\"@id\":\"https:\/\/jurassicworldexperience.com\/cl\/waitlist-confirmed#breadcrumb\",\"itemListElement\":[{\"@type\":\"ListItem\",\"position\":1,\"name\":\"Home\",\"item\":\"https:\/\/jurassicworldexperience.com\/cl\/\"},{\"@type\":\"ListItem\",\"position\":2,\"name\":\"Waitlist Sign Up Confirmed\"}]},{\"@type\":\"WebSite\",\"@id\":\"https:\/\/jurassicworldexperience.com\/cl\/#website\",\"url\":\"https:\/\/jurassicworldexperience.com\/cl\/\",\"name\":\"Jurassic World: The Exhibition - CDMX, M\u00e9xico\",\"description\":\"Lo M\u00e1s Cerca Que Estar\u00e1s a Dinosaurios\",\"publisher\":{\"@id\":\"https:\/\/jurassicworldexperience.com\/cl\/#organization\"},\"alternateName\":\"JWE - CDMX, M\u00e9xico\",\"potentialAction\":[{\"@type\":\"SearchAction\",\"target\":{\"@type\":\"EntryPoint\",\"urlTemplate\":\"https:\/\/jurassicworldexperience.com\/cl\/?s={search_term_string}\"},\"query-input\":{\"@type\":\"PropertyValueSpecification\",\"valueRequired\":true,\"valueName\":\"search_term_string\"}}],\"inLanguage\":\"es\"},{\"@type\":\"Organization\",\"@id\":\"https:\/\/jurassicworldexperience.com\/cl\/#organization\",\"name\":\"Jurassic World: The Exhibition - CDMX, M\u00e9xico\",\"alternateName\":\"JWE - Mississauga\",\"url\":\"https:\/\/jurassicworldexperience.com\/cl\/\",\"logo\":{\"@type\":\"ImageObject\",\"inLanguage\":\"es\",\"@id\":\"https:\/\/jurassicworldexperience.com\/cl\/#\/schema\/logo\/image\/\",\"url\":\"https:\/\/jurassicworldexperience.com\/cl\/\/srv\/htdocs\/wp-content\/uploads\/sites\/7\/2024\/05\/JWE-Logo-by-NEON.png\",\"contentUrl\":\"https:\/\/jurassicworldexperience.com\/cl\/\/srv\/htdocs\/wp-content\/uploads\/sites\/7\/2024\/05\/JWE-Logo-by-NEON.png\",\"width\":480,\"height\":450,\"caption\":\"Jurassic World: The Exhibition - CDMX, M\u00e9xico\"},\"image\":{\"@id\":\"https:\/\/jurassicworldexperience.com\/cl\/#\/schema\/logo\/image\/\"},\"sameAs\":[\"https:\/\/www.facebook.com\/jurassicworldexhibition\",\"https:\/\/x.com\/jworldexhibit\",\"https:\/\/www.instagram.com\/jurassicworldexhibition\/\"]}]}<\/script>\n<!-- \/ Yoast SEO plugin. -->","yoast_head_json":{"title":"Waitlist Sign Up Confirmed - Jurassic World: The Experience - Santiago","robots":{"index":"index","follow":"follow","max-snippet":"max-snippet:-1","max-image-preview":"max-image-preview:large","max-video-preview":"max-video-preview:-1"},"canonical":"https:\/\/jurassicworldexperience.com\/cl\/waitlist-confirmed","og_locale":"es_ES","og_type":"article","og_title":"Waitlist Sign Up Confirmed - Jurassic World: The Experience - Santiago","og_description":"[vc_row type=\u00bbfull_width_background\u00bb full_screen_row_position=\u00bbmiddle\u00bb column_margin=\u00bbdefault\u00bb equal_height=\u00bbyes\u00bb column_direction=\u00bbdefault\u00bb column_direction_tablet=\u00bbdefault\u00bb column_direction_phone=\u00bbdefault\u00bb bg_color=\u00bb#000000&#8243; scene_position=\u00bbcenter\u00bb text_color=\u00bbdark\u00bb text_align=\u00bbleft\u00bb row_border_radius=\u00bbnone\u00bb row_border_radius_applies=\u00bbbg\u00bb overflow=\u00bbvisible\u00bb overlay_strength=\u00bb0.3&#8243; gradient_direction=\u00bbleft_to_right\u00bb shape_divider_position=\u00bbbottom\u00bb bg_image_animation=\u00bbnone\u00bb gradient_type=\u00bbdefault\u00bb shape_type=\u00bb\u00bb][vc_column top_padding_desktop=\u00bb5%\u00bb constrain_group_100=\u00bbyes\u00bb bottom_padding_desktop=\u00bb5%\u00bb left_padding_desktop=\u00bb5%\u00bb constrain_group_101=\u00bbyes\u00bb right_padding_desktop=\u00bb5%\u00bb top_padding_phone=\u00bb5%\u00bb constrain_group_104=\u00bbyes\u00bb bottom_padding_phone=\u00bb5%\u00bb...","og_url":"https:\/\/jurassicworldexperience.com\/cl\/waitlist-confirmed","og_site_name":"Jurassic World: The Experience - Santiago","article_publisher":"https:\/\/www.facebook.com\/jurassicworldexhibition","article_modified_time":"2024-01-13T16:42:34+00:00","og_image":[{"width":1200,"height":630,"url":"https:\/\/jurassicworldexperience.com\/cl\/wp-content\/uploads\/sites\/7\/2021\/04\/Jurassic-Workd-The-Exhibition-Shareable-Image.jpg","type":"image\/jpeg"}],"twitter_card":"summary_large_image","twitter_site":"@jworldexhibit","twitter_misc":{"Tiempo de lectura":"2 minutos"},"schema":{"@context":"https:\/\/schema.org","@graph":[{"@type":"WebPage","@id":"https:\/\/jurassicworldexperience.com\/cl\/waitlist-confirmed","url":"https:\/\/jurassicworldexperience.com\/cl\/waitlist-confirmed","name":"Waitlist Sign Up Confirmed - Jurassic World: The Experience - Santiago","isPartOf":{"@id":"https:\/\/jurassicworldexperience.com\/cl\/#website"},"datePublished":"2024-01-08T21:39:25+00:00","dateModified":"2024-01-13T16:42:34+00:00","breadcrumb":{"@id":"https:\/\/jurassicworldexperience.com\/cl\/waitlist-confirmed#breadcrumb"},"inLanguage":"es","potentialAction":[{"@type":"ReadAction","target":["https:\/\/jurassicworldexperience.com\/cl\/waitlist-confirmed"]}]},{"@type":"BreadcrumbList","@id":"https:\/\/jurassicworldexperience.com\/cl\/waitlist-confirmed#breadcrumb","itemListElement":[{"@type":"ListItem","position":1,"name":"Home","item":"https:\/\/jurassicworldexperience.com\/cl\/"},{"@type":"ListItem","position":2,"name":"Waitlist Sign Up Confirmed"}]},{"@type":"WebSite","@id":"https:\/\/jurassicworldexperience.com\/cl\/#website","url":"https:\/\/jurassicworldexperience.com\/cl\/","name":"Jurassic World: The Exhibition - CDMX, M\u00e9xico","description":"Lo M\u00e1s Cerca Que Estar\u00e1s a Dinosaurios","publisher":{"@id":"https:\/\/jurassicworldexperience.com\/cl\/#organization"},"alternateName":"JWE - CDMX, M\u00e9xico","potentialAction":[{"@type":"SearchAction","target":{"@type":"EntryPoint","urlTemplate":"https:\/\/jurassicworldexperience.com\/cl\/?s={search_term_string}"},"query-input":{"@type":"PropertyValueSpecification","valueRequired":true,"valueName":"search_term_string"}}],"inLanguage":"es"},{"@type":"Organization","@id":"https:\/\/jurassicworldexperience.com\/cl\/#organization","name":"Jurassic World: The Exhibition - CDMX, M\u00e9xico","alternateName":"JWE - Mississauga","url":"https:\/\/jurassicworldexperience.com\/cl\/","logo":{"@type":"ImageObject","inLanguage":"es","@id":"https:\/\/jurassicworldexperience.com\/cl\/#\/schema\/logo\/image\/","url":"https:\/\/jurassicworldexperience.com\/cl\/\/srv\/htdocs\/wp-content\/uploads\/sites\/7\/2024\/05\/JWE-Logo-by-NEON.png","contentUrl":"https:\/\/jurassicworldexperience.com\/cl\/\/srv\/htdocs\/wp-content\/uploads\/sites\/7\/2024\/05\/JWE-Logo-by-NEON.png","width":480,"height":450,"caption":"Jurassic World: The Exhibition - CDMX, M\u00e9xico"},"image":{"@id":"https:\/\/jurassicworldexperience.com\/cl\/#\/schema\/logo\/image\/"},"sameAs":["https:\/\/www.facebook.com\/jurassicworldexhibition","https:\/\/x.com\/jworldexhibit","https:\/\/www.instagram.com\/jurassicworldexhibition\/"]}]}},"_links":{"self":[{"href":"https:\/\/jurassicworldexperience.com\/cl\/wp-json\/wp\/v2\/pages\/13134","targetHints":{"allow":["GET"]}}],"collection":[{"href":"https:\/\/jurassicworldexperience.com\/cl\/wp-json\/wp\/v2\/pages"}],"about":[{"href":"https:\/\/jurassicworldexperience.com\/cl\/wp-json\/wp\/v2\/types\/page"}],"author":[{"embeddable":true,"href":"https:\/\/jurassicworldexperience.com\/cl\/wp-json\/wp\/v2\/users\/1"}],"replies":[{"embeddable":true,"href":"https:\/\/jurassicworldexperience.com\/cl\/wp-json\/wp\/v2\/comments?post=13134"}],"version-history":[{"count":0,"href":"https:\/\/jurassicworldexperience.com\/cl\/wp-json\/wp\/v2\/pages\/13134\/revisions"}],"wp:attachment":[{"href":"https:\/\/jurassicworldexperience.com\/cl\/wp-json\/wp\/v2\/media?parent=13134"}],"curies":[{"name":"wp","href":"https:\/\/api.w.org\/{rel}","templated":true}]}}